{"id":2840,"date":"2023-08-10T17:41:12","date_gmt":"2023-08-10T15:41:12","guid":{"rendered":"https:\/\/www.dueker-rex.de\/produkt\/piston-filler-rkf-130\/"},"modified":"2024-05-05T08:16:04","modified_gmt":"2024-05-05T06:16:04","slug":"piston-filler-rkf-130","status":"publish","type":"product","link":"https:\/\/www.dueker-rex.de\/en\/produkt\/piston-filler-rkf-130\/","title":{"rendered":"PISTON FILLER RKF 130"},"content":{"rendered":"<ul>\n<li>For filling, portioning and twisting off<\/li>\n<li>Filling cylinder with 30 liter capacity<\/li>\n<li>Unique hygiene system<\/li>\n<li>Machine body made entirely of stainless steel<\/li>\n<li>Modern drive concept<\/li>\n<li>Minimal energy consumption<\/li>\n<li>12\u2033 Touchscreen control<\/li>\n<li>Extremely quiet and smooth running<\/li>\n<li>Reliability through quality<\/li>\n<\/ul>\n","protected":false},"excerpt":{"rendered":"<p><a href=\"https:\/\/www.dueker-rex.de\/wp-content\/uploads\/2023\/08\/RKF130.pdf\">PRODUCT SHEET<\/a><\/p>\n<p><a href=\"https:\/\/www.dueker-rex.de\/wp-content\/uploads\/2023\/08\/mass_rkf130.pdf\">MASS SHEET<\/a><\/p>\n<p><a href=\"https:\/\/www.youtube.com\/watch?v=5RWh1fnUCJE\">VIDEO<\/a><\/p>\n","protected":false},"featured_media":2446,"template":"","meta":[],"product_brand":[],"product_cat":[104,105],"product_tag":[],"class_list":{"0":"post-2840","1":"product","2":"type-product","3":"status-publish","4":"has-post-thumbnail","6":"product_cat-new-butchery-machines","7":"product_cat-piston-filler","9":"first","10":"instock","11":"shipping-taxable","12":"product-type-simple"},"yoast_head":"<!-- This site is optimized with the Yoast SEO plugin v27.3 - https:\/\/yoast.com\/product\/yoast-seo-wordpress\/ -->\n<title>D\u00fcker-REX | KOLBENF\u00dcLLER RKF 130<\/title>\n<meta name=\"description\" content=\"KOLBENF\u00dcLLER RKF 130 - D\u00fcker-REX Your partner for the butcher&#039;s trade \u2714\ufe0f Experience \u2714\ufe0f Progress \u2714\ufe0f Service. See for yourself!\" \/>\n<meta name=\"robots\" content=\"index, follow, max-snippet:-1, max-image-preview:large, max-video-preview:-1\" \/>\n<link rel=\"canonical\" href=\"https:\/\/www.dueker-rex.de\/en\/produkt\/piston-filler-rkf-130\/\" \/>\n<meta property=\"og:locale\" content=\"en_US\" \/>\n<meta property=\"og:type\" content=\"article\" \/>\n<meta property=\"og:title\" content=\"D\u00fcker-REX | KOLBENF\u00dcLLER RKF 130\" \/>\n<meta property=\"og:description\" content=\"KOLBENF\u00dcLLER RKF 130 - D\u00fcker-REX Your partner for the butcher&#039;s trade \u2714\ufe0f Experience \u2714\ufe0f Progress \u2714\ufe0f Service. See for yourself!\" \/>\n<meta property=\"og:url\" content=\"https:\/\/www.dueker-rex.de\/en\/produkt\/piston-filler-rkf-130\/\" \/>\n<meta property=\"og:site_name\" content=\"dueker-rex.de\" \/>\n<meta property=\"article:modified_time\" content=\"2024-05-05T06:16:04+00:00\" \/>\n<meta property=\"og:image\" content=\"https:\/\/www.dueker-rex.de\/wp-content\/uploads\/2023\/08\/RKF130-klein-final-1-768x768-1.jpg\" \/>\n\t<meta property=\"og:image:width\" content=\"768\" \/>\n\t<meta property=\"og:image:height\" content=\"768\" \/>\n\t<meta property=\"og:image:type\" content=\"image\/jpeg\" \/>\n<meta name=\"twitter:card\" content=\"summary_large_image\" \/>\n<script type=\"application\/ld+json\" class=\"yoast-schema-graph\">{\"@context\":\"https:\\\/\\\/schema.org\",\"@graph\":[{\"@type\":\"WebPage\",\"@id\":\"https:\\\/\\\/www.dueker-rex.de\\\/en\\\/produkt\\\/piston-filler-rkf-130\\\/\",\"url\":\"https:\\\/\\\/www.dueker-rex.de\\\/en\\\/produkt\\\/piston-filler-rkf-130\\\/\",\"name\":\"D\u00fcker-REX | KOLBENF\u00dcLLER RKF 130\",\"isPartOf\":{\"@id\":\"https:\\\/\\\/www.dueker-rex.de\\\/en\\\/#website\"},\"primaryImageOfPage\":{\"@id\":\"https:\\\/\\\/www.dueker-rex.de\\\/en\\\/produkt\\\/piston-filler-rkf-130\\\/#primaryimage\"},\"image\":{\"@id\":\"https:\\\/\\\/www.dueker-rex.de\\\/en\\\/produkt\\\/piston-filler-rkf-130\\\/#primaryimage\"},\"thumbnailUrl\":\"https:\\\/\\\/www.dueker-rex.de\\\/wp-content\\\/uploads\\\/2023\\\/08\\\/RKF130-klein-final-1-768x768-1.jpg\",\"datePublished\":\"2023-08-10T15:41:12+00:00\",\"dateModified\":\"2024-05-05T06:16:04+00:00\",\"description\":\"KOLBENF\u00dcLLER RKF 130 - D\u00fcker-REX Your partner for the butcher's trade \u2714\ufe0f Experience \u2714\ufe0f Progress \u2714\ufe0f Service. See for yourself!\",\"breadcrumb\":{\"@id\":\"https:\\\/\\\/www.dueker-rex.de\\\/en\\\/produkt\\\/piston-filler-rkf-130\\\/#breadcrumb\"},\"inLanguage\":\"en-US\",\"potentialAction\":[{\"@type\":\"ReadAction\",\"target\":[\"https:\\\/\\\/www.dueker-rex.de\\\/en\\\/produkt\\\/piston-filler-rkf-130\\\/\"]}]},{\"@type\":\"ImageObject\",\"inLanguage\":\"en-US\",\"@id\":\"https:\\\/\\\/www.dueker-rex.de\\\/en\\\/produkt\\\/piston-filler-rkf-130\\\/#primaryimage\",\"url\":\"https:\\\/\\\/www.dueker-rex.de\\\/wp-content\\\/uploads\\\/2023\\\/08\\\/RKF130-klein-final-1-768x768-1.jpg\",\"contentUrl\":\"https:\\\/\\\/www.dueker-rex.de\\\/wp-content\\\/uploads\\\/2023\\\/08\\\/RKF130-klein-final-1-768x768-1.jpg\",\"width\":768,\"height\":768,\"caption\":\"Product_image_butchery_machine_piston_filler_type_RKF_130_from_Dueker-REX\"},{\"@type\":\"BreadcrumbList\",\"@id\":\"https:\\\/\\\/www.dueker-rex.de\\\/en\\\/produkt\\\/piston-filler-rkf-130\\\/#breadcrumb\",\"itemListElement\":[{\"@type\":\"ListItem\",\"position\":1,\"name\":\"Startseite\",\"item\":\"https:\\\/\\\/www.dueker-rex.de\\\/en\\\/home-page\\\/\"},{\"@type\":\"ListItem\",\"position\":2,\"name\":\"Products\",\"item\":\"https:\\\/\\\/www.dueker-rex.de\\\/en\\\/shop\\\/\"},{\"@type\":\"ListItem\",\"position\":3,\"name\":\"PISTON FILLER RKF 130\"}]},{\"@type\":\"WebSite\",\"@id\":\"https:\\\/\\\/www.dueker-rex.de\\\/en\\\/#website\",\"url\":\"https:\\\/\\\/www.dueker-rex.de\\\/en\\\/\",\"name\":\"dueker-rex.de\",\"description\":\"D\u00fcker-REX Fleischereimaschinen GmbH\",\"potentialAction\":[{\"@type\":\"SearchAction\",\"target\":{\"@type\":\"EntryPoint\",\"urlTemplate\":\"https:\\\/\\\/www.dueker-rex.de\\\/en\\\/?s={search_term_string}\"},\"query-input\":{\"@type\":\"PropertyValueSpecification\",\"valueRequired\":true,\"valueName\":\"search_term_string\"}}],\"inLanguage\":\"en-US\"}]}<\/script>\n<!-- \/ Yoast SEO plugin. -->","yoast_head_json":{"title":"D\u00fcker-REX | KOLBENF\u00dcLLER RKF 130","description":"KOLBENF\u00dcLLER RKF 130 - D\u00fcker-REX Your partner for the butcher's trade \u2714\ufe0f Experience \u2714\ufe0f Progress \u2714\ufe0f Service. See for yourself!","robots":{"index":"index","follow":"follow","max-snippet":"max-snippet:-1","max-image-preview":"max-image-preview:large","max-video-preview":"max-video-preview:-1"},"canonical":"https:\/\/www.dueker-rex.de\/en\/produkt\/piston-filler-rkf-130\/","og_locale":"en_US","og_type":"article","og_title":"D\u00fcker-REX | KOLBENF\u00dcLLER RKF 130","og_description":"KOLBENF\u00dcLLER RKF 130 - D\u00fcker-REX Your partner for the butcher's trade \u2714\ufe0f Experience \u2714\ufe0f Progress \u2714\ufe0f Service. See for yourself!","og_url":"https:\/\/www.dueker-rex.de\/en\/produkt\/piston-filler-rkf-130\/","og_site_name":"dueker-rex.de","article_modified_time":"2024-05-05T06:16:04+00:00","og_image":[{"width":768,"height":768,"url":"https:\/\/www.dueker-rex.de\/wp-content\/uploads\/2023\/08\/RKF130-klein-final-1-768x768-1.jpg","type":"image\/jpeg"}],"twitter_card":"summary_large_image","schema":{"@context":"https:\/\/schema.org","@graph":[{"@type":"WebPage","@id":"https:\/\/www.dueker-rex.de\/en\/produkt\/piston-filler-rkf-130\/","url":"https:\/\/www.dueker-rex.de\/en\/produkt\/piston-filler-rkf-130\/","name":"D\u00fcker-REX | KOLBENF\u00dcLLER RKF 130","isPartOf":{"@id":"https:\/\/www.dueker-rex.de\/en\/#website"},"primaryImageOfPage":{"@id":"https:\/\/www.dueker-rex.de\/en\/produkt\/piston-filler-rkf-130\/#primaryimage"},"image":{"@id":"https:\/\/www.dueker-rex.de\/en\/produkt\/piston-filler-rkf-130\/#primaryimage"},"thumbnailUrl":"https:\/\/www.dueker-rex.de\/wp-content\/uploads\/2023\/08\/RKF130-klein-final-1-768x768-1.jpg","datePublished":"2023-08-10T15:41:12+00:00","dateModified":"2024-05-05T06:16:04+00:00","description":"KOLBENF\u00dcLLER RKF 130 - D\u00fcker-REX Your partner for the butcher's trade \u2714\ufe0f Experience \u2714\ufe0f Progress \u2714\ufe0f Service. See for yourself!","breadcrumb":{"@id":"https:\/\/www.dueker-rex.de\/en\/produkt\/piston-filler-rkf-130\/#breadcrumb"},"inLanguage":"en-US","potentialAction":[{"@type":"ReadAction","target":["https:\/\/www.dueker-rex.de\/en\/produkt\/piston-filler-rkf-130\/"]}]},{"@type":"ImageObject","inLanguage":"en-US","@id":"https:\/\/www.dueker-rex.de\/en\/produkt\/piston-filler-rkf-130\/#primaryimage","url":"https:\/\/www.dueker-rex.de\/wp-content\/uploads\/2023\/08\/RKF130-klein-final-1-768x768-1.jpg","contentUrl":"https:\/\/www.dueker-rex.de\/wp-content\/uploads\/2023\/08\/RKF130-klein-final-1-768x768-1.jpg","width":768,"height":768,"caption":"Product_image_butchery_machine_piston_filler_type_RKF_130_from_Dueker-REX"},{"@type":"BreadcrumbList","@id":"https:\/\/www.dueker-rex.de\/en\/produkt\/piston-filler-rkf-130\/#breadcrumb","itemListElement":[{"@type":"ListItem","position":1,"name":"Startseite","item":"https:\/\/www.dueker-rex.de\/en\/home-page\/"},{"@type":"ListItem","position":2,"name":"Products","item":"https:\/\/www.dueker-rex.de\/en\/shop\/"},{"@type":"ListItem","position":3,"name":"PISTON FILLER RKF 130"}]},{"@type":"WebSite","@id":"https:\/\/www.dueker-rex.de\/en\/#website","url":"https:\/\/www.dueker-rex.de\/en\/","name":"dueker-rex.de","description":"D\u00fcker-REX Fleischereimaschinen GmbH","potentialAction":[{"@type":"SearchAction","target":{"@type":"EntryPoint","urlTemplate":"https:\/\/www.dueker-rex.de\/en\/?s={search_term_string}"},"query-input":{"@type":"PropertyValueSpecification","valueRequired":true,"valueName":"search_term_string"}}],"inLanguage":"en-US"}]}},"_links":{"self":[{"href":"https:\/\/www.dueker-rex.de\/en\/wp-json\/wp\/v2\/product\/2840","targetHints":{"allow":["GET"]}}],"collection":[{"href":"https:\/\/www.dueker-rex.de\/en\/wp-json\/wp\/v2\/product"}],"about":[{"href":"https:\/\/www.dueker-rex.de\/en\/wp-json\/wp\/v2\/types\/product"}],"version-history":[{"count":1,"href":"https:\/\/www.dueker-rex.de\/en\/wp-json\/wp\/v2\/product\/2840\/revisions"}],"predecessor-version":[{"id":2854,"href":"https:\/\/www.dueker-rex.de\/en\/wp-json\/wp\/v2\/product\/2840\/revisions\/2854"}],"wp:featuredmedia":[{"embeddable":true,"href":"https:\/\/www.dueker-rex.de\/en\/wp-json\/wp\/v2\/media\/2446"}],"wp:attachment":[{"href":"https:\/\/www.dueker-rex.de\/en\/wp-json\/wp\/v2\/media?parent=2840"}],"wp:term":[{"taxonomy":"product_brand","embeddable":true,"href":"https:\/\/www.dueker-rex.de\/en\/wp-json\/wp\/v2\/product_brand?post=2840"},{"taxonomy":"product_cat","embeddable":true,"href":"https:\/\/www.dueker-rex.de\/en\/wp-json\/wp\/v2\/product_cat?post=2840"},{"taxonomy":"product_tag","embeddable":true,"href":"https:\/\/www.dueker-rex.de\/en\/wp-json\/wp\/v2\/product_tag?post=2840"}],"curies":[{"name":"wp","href":"https:\/\/api.w.org\/{rel}","templated":true}]}}